{"id":9,"date":"2022-11-03T16:06:29","date_gmt":"2022-11-03T16:06:29","guid":{"rendered":"https:\/\/kjbkinfinity.com\/contact-us\/"},"modified":"2022-11-03T16:47:04","modified_gmt":"2022-11-03T16:47:04","slug":"contact-us","status":"publish","type":"page","link":"https:\/\/kjbkinfinity.com\/en\/contact-us\/","title":{"rendered":"Contact us"},"content":{"rendered":"<div class=\"boldgrid-section\">\n<div class=\"container\">\n<div class=\"row\">\n<div class=\"col-md-8 col-sm-8 col-xs-12 col-lg-8\">\n<p class=\"\">L\u00e9pjen kapcsolatba vel\u00fcnk az al\u00e1bbi form seg\u00edts\u00e9g\u00e9vel!<\/p>\n<p class=\"\">Igyeksz\u00fcnk 24 \u00f3r\u00e1n bel\u00fcl v\u00e1laszolni.<\/p>\n<div class=\"boldgrid-shortcode wpforms-shortcode\" data-imhwpb-draggable=\"true\">\n<p>[wpforms id=&#8221;38&#8243; description=&#8221;false&#8221; title=&#8221;false&#8221;]<\/p>\n<\/div>\n<\/div>\n<div class=\"col-md-4 col-sm-4 col-xs-12 col-lg-4\">\n<p class=\"mod-reset\">&nbsp;<\/p>\n<\/div>\n<\/div>\n<\/div>\n<\/div>\n","protected":false},"excerpt":{"rendered":"<p>L\u00e9pjen kapcsolatba vel\u00fcnk az al\u00e1bbi form seg\u00edts\u00e9g\u00e9vel! Igyeksz\u00fcnk 24 \u00f3r\u00e1n bel\u00fcl v\u00e1laszolni. [wpforms id=&#8221;38&#8243; description=&#8221;false&#8221; title=&#8221;false&#8221;] &nbsp;<\/p>\n","protected":false},"author":1,"featured_media":0,"parent":0,"menu_order":0,"comment_status":"closed","ping_status":"closed","template":"","meta":{"crio-premium-page-header-override":null,"crio-premium-page-header-select":"none","crio-premium-page-header-featured-image-background":"","crio-premium-page-header-background":"","om_disable_all_campaigns":false,"_monsterinsights_skip_tracking":false,"_monsterinsights_sitenote_active":false,"_monsterinsights_sitenote_note":"","_monsterinsights_sitenote_category":0,"footnotes":""},"class_list":["post-9","page","type-page","status-publish"],"aioseo_notices":[],"jetpack_sharing_enabled":true,"_links":{"self":[{"href":"https:\/\/kjbkinfinity.com\/en\/wp-json\/wp\/v2\/pages\/9","targetHints":{"allow":["GET"]}}],"collection":[{"href":"https:\/\/kjbkinfinity.com\/en\/wp-json\/wp\/v2\/pages"}],"about":[{"href":"https:\/\/kjbkinfinity.com\/en\/wp-json\/wp\/v2\/types\/page"}],"author":[{"embeddable":true,"href":"https:\/\/kjbkinfinity.com\/en\/wp-json\/wp\/v2\/users\/1"}],"replies":[{"embeddable":true,"href":"https:\/\/kjbkinfinity.com\/en\/wp-json\/wp\/v2\/comments?post=9"}],"version-history":[{"count":4,"href":"https:\/\/kjbkinfinity.com\/en\/wp-json\/wp\/v2\/pages\/9\/revisions"}],"predecessor-version":[{"id":43,"href":"https:\/\/kjbkinfinity.com\/en\/wp-json\/wp\/v2\/pages\/9\/revisions\/43"}],"wp:attachment":[{"href":"https:\/\/kjbkinfinity.com\/en\/wp-json\/wp\/v2\/media?parent=9"}],"curies":[{"name":"wp","href":"https:\/\/api.w.org\/{rel}","templated":true}]}}